{"id":24103,"date":"2025-12-22T17:14:15","date_gmt":"2025-12-22T10:14:15","guid":{"rendered":"https:\/\/www.thp.com.vn\/tuyen-dung\/?page_id=24103"},"modified":"2025-12-22T17:14:28","modified_gmt":"2025-12-22T10:14:28","slug":"dieu-khoan-va-dich-vu","status":"publish","type":"page","link":"https:\/\/www.thp.com.vn\/tuyen-dung\/dieu-khoan-va-dich-vu\/","title":{"rendered":"\u0110i\u1ec1u kho\u1ea3n v\u00e0 D\u1ecbch v\u1ee5"},"content":{"rendered":"<p>[vc_row el_class=&#8221;terms-of-services&#8221;][vc_column][vc_column_text]<\/p>\n<div><strong>T\u00f4i xin cam \u0111oan r\u1eb1ng t\u1ea5t c\u1ea3 c\u00e1c th\u00f4ng tin \u0111\u00e3 cung c\u1ea5p \u1edf tr\u00ean l\u00e0 trung th\u1ef1c v\u00e0 ch\u00ednh x\u00e1c. T\u00f4i \u0111\u1ed3ng \u00fd cho <span class=\"company-name\">C\u00d4NG TY TNHH TH\u01af\u01a0NG M\u1ea0I - D\u1ecaCH V\u1ee4 T\u00c2N HI\u1ec6P PH\u00c1T<\/span> \u0111\u01b0\u1ee3c ki\u1ec3m tra, x\u00e1c minh c\u00e1c th\u00f4ng tin n\u00e0y v\u1edbi c\u00e1c c\u01a1 quan, t\u1ed5 ch\u1ee9c ho\u1eb7c c\u00e1 nh\u00e2n c\u00f3 li\u00ean quan nh\u1eb1m ph\u1ee5c v\u1ee5 cho m\u1ee5c \u0111\u00edch tuy\u1ec3n d\u1ee5ng v\u00e0 qu\u1ea3n l\u00fd th\u00f4ng tin \u1ee9ng vi\u00ean ph\u1ee5c v\u1ee5 cho c\u00e1c nhu c\u1ea7u tuy\u1ec3n d\u1ee5ng kh\u00e1c. Trong tr\u01b0\u1eddng h\u1ee3p \u0111\u01b0\u1ee3c tuy\u1ec3n d\u1ee5ng ch\u00ednh th\u1ee9c T\u00f4i \u0111\u1ed3ng \u00fd cho C\u00f4ng ty s\u1eed d\u1ee5ng, l\u01b0u tr\u1eef v\u00e0 x\u1eed l\u00fd d\u1eef li\u1ec7u c\u00e1 nh\u00e2n c\u1ee7a t\u00f4i theo Lu\u1eadt B\u1ea3o v\u1ec7 D\u1eef li\u1ec7u C\u00e1 nh\u00e2n s\u1ed1 91\/2025\/QH15, cho c\u00e1c m\u1ee5c \u0111\u00edch: tuy\u1ec3n d\u1ee5ng, qu\u1ea3n l\u00fd nh\u00e2n s\u1ef1, l\u01b0u tr\u1eef h\u1ed3 s\u01a1 nh\u00e2n s\u1ef1, th\u1ed1ng k\u00ea, b\u00e1o c\u00e1o n\u1ed9i b\u1ed9 v\u00e0 chia s\u1ebb d\u1eef li\u1ec7u cho b\u00ean th\u1ee9 ba bao g\u1ed3m nh\u01b0ng kh\u00f4ng gi\u1edbi h\u1ea1n: c\u01a1 quan qu\u1ea3n l\u00fd thu\u1ebf, ng\u00e2n h\u00e0ng, c\u00e1c t\u1ed5 ch\u1ee9c kh\u00e1c\u2026\u0111\u1ec3 th\u1ef1c hi\u1ec7n ngh\u0129a v\u1ee5 c\u1ee7a doanh nghi\u1ec7p \u0111\u1ed1i v\u1edbi ng\u01b0\u1eddi lao \u0111\u1ed9ng nh\u01b0 b\u1ea3o hi\u1ec3m, thu\u1ebf,\u2026 v\u00e0 quy\u1ec1n l\u1ee3i kh\u00e1c cho NL\u0110 theo quy \u0111\u1ecbnh c\u1ee7a ph\u00e1p lu\u1eadt v\u00e0 ch\u00ednh s\u00e1ch c\u00f4ng ty.<\/strong><\/div>\n<div><\/div>\n<div>\n<div style=\"margin-top: 25px;\"><strong>T\u00f4i \u0111\u00e3 \u0111\u01b0\u1ee3c th\u00f4ng b\u00e1o v\u1ec1 quy\u1ec1n c\u1ee7a m\u00ecnh \u0111\u1ed1i v\u1edbi d\u1eef li\u1ec7u c\u00e1 nh\u00e2n, bao g\u1ed3m quy\u1ec1n truy c\u1eadp, ch\u1ec9nh s\u1eeda, r\u00fat l\u1ea1i s\u1ef1 \u0111\u1ed3ng \u00fd, y\u00eau c\u1ea7u x\u00f3a ho\u1eb7c h\u1ea1n ch\u1ebf x\u1eed l\u00fd d\u1eef li\u1ec7u b\u1eb1ng h\u00ecnh th\u1ee9c g\u1edfi y\u00eau c\u1ea7u b\u1eb1ng v\u0103n b\u1ea3n \u0111\u1ebfn Ph\u00f2ng Nh\u00e2n S\u1ef1 c\u00f4ng ty. D\u1eef li\u1ec7u c\u1ee7a t\u00f4i s\u1ebd \u0111\u01b0\u1ee3c l\u01b0u tr\u1eef k\u1ec3 t\u1eeb th\u1eddi \u0111i\u1ec3m T\u00f4i n\u1ed9p \u0111\u01a1n d\u1ef1 tuy\u1ec3n cho \u0111\u1ebfn khi T\u00f4i c\u00f3 y\u00eau c\u1ea7u s\u1eeda \u0111\u1ed5i ho\u1eb7c x\u00f3a b\u1ecf d\u1eef li\u1ec7u.<\/strong><\/div>\n<\/div>\n<div><\/div>\n<div>\n<div>\n<div style=\"margin-top: 25px;\"><strong>T\u00f4i ho\u00e0n to\u00e0n ch\u1ecbu tr\u00e1ch nhi\u1ec7m \u0111\u1ed1i v\u1edbi m\u1ecdi sai l\u1ec7ch, khai b\u00e1o kh\u00f4ng \u0111\u00fang s\u1ef1 th\u1eadt.<\/strong><\/div>\n<\/div>\n<\/div>\n<div>\n<div style=\"margin-top: 25px;\"><strong>T\u00f4i cam k\u1ebft b\u1ea3o m\u1eadt t\u1ea5t c\u1ea3 c\u00e1c th\u00f4ng tin li\u00ean quan m\u00e0 \u0111\u1ea1i di\u1ec7n C\u00f4ng ty \u0111\u00e3 chia s\u1ebb v\u1edbi t\u00f4i d\u01b0\u1edbi m\u1ecdi h\u00ecnh th\u1ee9c (email, \u0111i\u1ec7n tho\u1ea1i, trao \u0111\u1ed5i tr\u1ef1c ti\u1ebfp) v\u00e0 x\u00e1c nh\u1eadn r\u1eb1ng d\u1eef li\u1ec7u c\u00e1 nh\u00e2n c\u1ee7a t\u00f4i s\u1ebd \u0111\u01b0\u1ee3c thu th\u1eadp, l\u01b0u tr\u1eef v\u00e0 b\u1ea3o m\u1eadt theo quy \u0111\u1ecbnh c\u1ee7a <span class=\"personal-data\"><u>Lu\u1eadt B\u1ea3o v\u1ec7 D\u1eef li\u1ec7u C\u00e1 nh\u00e2n<\/u><\/span>.<\/strong><\/div>\n<\/div>\n<p>[\/vc_column_text][\/vc_column][\/vc_row]<\/p>\n","protected":false},"excerpt":{"rendered":"<p>[vc_row el_class=&#8221;terms-of-services&#8221;][vc_column][vc_column_text] T\u00f4i xin cam \u0111oan r\u1eb1ng t\u1ea5t c\u1ea3 c\u00e1c th\u00f4ng tin \u0111\u00e3 cung c\u1ea5p \u1edf tr\u00ean l\u00e0 trung th\u1ef1c v\u00e0 ch\u00ednh x\u00e1c. T\u00f4i \u0111\u1ed3ng \u00fd cho \u0111\u01b0\u1ee3c ki\u1ec3m tra, x\u00e1c minh c\u00e1c th\u00f4ng tin n\u00e0y v\u1edbi c\u00e1c c\u01a1 quan, t\u1ed5 ch\u1ee9c ho\u1eb7c c\u00e1 nh\u00e2n c\u00f3 li\u00ean quan nh\u1eb1m ph\u1ee5c v\u1ee5 cho m\u1ee5c \u0111\u00edch tuy\u1ec3n [&hellip;]<\/p>\n","protected":false},"author":1,"featured_media":0,"parent":0,"menu_order":0,"comment_status":"closed","ping_status":"closed","template":"","meta":[],"_links":{"self":[{"href":"https:\/\/www.thp.com.vn\/tuyen-dung\/wp-json\/wp\/v2\/pages\/24103"}],"collection":[{"href":"https:\/\/www.thp.com.vn\/tuyen-dung\/wp-json\/wp\/v2\/pages"}],"about":[{"href":"https:\/\/www.thp.com.vn\/tuyen-dung\/wp-json\/wp\/v2\/types\/page"}],"author":[{"embeddable":true,"href":"https:\/\/www.thp.com.vn\/tuyen-dung\/wp-json\/wp\/v2\/users\/1"}],"replies":[{"embeddable":true,"href":"https:\/\/www.thp.com.vn\/tuyen-dung\/wp-json\/wp\/v2\/comments?post=24103"}],"version-history":[{"count":0,"href":"https:\/\/www.thp.com.vn\/tuyen-dung\/wp-json\/wp\/v2\/pages\/24103\/revisions"}],"wp:attachment":[{"href":"https:\/\/www.thp.com.vn\/tuyen-dung\/wp-json\/wp\/v2\/media?parent=24103"}],"curies":[{"name":"wp","href":"https:\/\/api.w.org\/{rel}","templated":true}]}}